{"id":2571,"date":"2021-11-25T22:25:47","date_gmt":"2021-11-25T15:25:47","guid":{"rendered":"http:\/\/tancangtravel.com.vn\/trang-chu\/"},"modified":"2024-01-23T10:46:54","modified_gmt":"2024-01-23T03:46:54","slug":"trang-chu","status":"publish","type":"page","link":"https:\/\/tancangtravel.com.vn\/en\/","title":{"rendered":"Home"},"content":{"rendered":"","protected":false},"excerpt":{"rendered":"","protected":false},"author":1,"featured_media":2492,"parent":0,"menu_order":0,"comment_status":"closed","ping_status":"closed","template":"page-template\/home-template.php","meta":{"inline_featured_image":false,"footnotes":""},"class_list":["post-2571","page","type-page","status-publish","has-post-thumbnail","hentry"],"yoast_head":"<!-- This site is optimized with the Yoast SEO plugin v18.3 - https:\/\/yoast.com\/wordpress\/plugins\/seo\/ -->\n<title>Home - C\u00d4NG TY C\u1ed4 PH\u1ea6N D\u1ecaCH V\u1ee4 BAY V\u00c0 DU L\u1ecaCH BI\u1ec2N T\u00c2N C\u1ea2NG<\/title>\n<meta name=\"robots\" content=\"index, follow, max-snippet:-1, max-image-preview:large, max-video-preview:-1\" \/>\n<link rel=\"canonical\" href=\"https:\/\/tancangtravel.com.vn\/en\/\" \/>\n<meta property=\"og:locale\" content=\"en_US\" \/>\n<meta property=\"og:type\" content=\"article\" \/>\n<meta property=\"og:title\" content=\"TAN CANG FLIGHTS AND TOURISM JOINT STOCK COMPANY\" \/>\n<meta property=\"og:description\" content=\"Established in March 2015, Tan Cang Tourism and Flight Service Joint Stock Company (TCOTS) is a member of Tan Cang Sea Service Joint Stock Company (TCO), a subsidiary of Tan Cang Sai Corporation. Saigon - Saigon Newport Corporation is the leading port operator in Vietnam and ranked 20th in the world. TCOTS Company is playing an important role in the development of the 3rd service business - Transport Services and Marine Economy of Saigon Newport Corporation.\" \/>\n<meta property=\"og:url\" content=\"https:\/\/tancangtravel.com.vn\/en\/\" \/>\n<meta property=\"og:site_name\" content=\"C\u00d4NG TY C\u1ed4 PH\u1ea6N D\u1ecaCH V\u1ee4 BAY V\u00c0 DU L\u1ecaCH BI\u1ec2N T\u00c2N C\u1ea2NG\" \/>\n<meta property=\"article:modified_time\" content=\"2024-01-23T03:46:54+00:00\" \/>\n<meta property=\"og:image\" content=\"http:\/\/tancangtravel.com.vn\/wp-content\/uploads\/2021\/12\/TCOTS-hinh-nen-dai-dien-FILE-GOC-1-scaled.jpg\" \/>\n\t<meta property=\"og:image:width\" content=\"2560\" \/>\n\t<meta property=\"og:image:height\" content=\"1124\" \/>\n\t<meta property=\"og:image:type\" content=\"image\/jpeg\" \/>\n<meta name=\"twitter:card\" content=\"summary_large_image\" \/>\n<meta name=\"twitter:title\" content=\"C\u00d4NG TY C\u1ed4 PH\u1ea6N D\u1ecaCH V\u1ee4 BAY V\u00c0 DU L\u1ecaCH BI\u1ec2N T\u00c2N C\u1ea2NG\" \/>\n<meta name=\"twitter:description\" content=\"\u0110\u01b0\u1ee3c th\u00e0nh l\u1eadp t\u1eeb th\u00e1ng 3 n\u0103m 2015, c\u00f4ng ty C\u1ed5 ph\u1ea7n D\u1ecbch V\u1ee5 Bay v\u00e0 Du L\u1ecbch Bi\u1ec3n T\u00e2n C\u1ea3ng (TCOTS) l\u00e0 th\u00e0nh vi\u00ean c\u1ee7a C\u00f4ng ty c\u1ed5 ph\u1ea7n D\u1ecbch v\u1ee5 Bi\u1ec3n T\u00e2n C\u1ea3ng (TCO), tr\u1ef1c thu\u1ed9c T\u1ed5ng c\u00f4ng ty T\u00e2n C\u1ea3ng S\u00e0i G\u00f2n - l\u00e0 T\u1ed5ng c\u00f4ng ty T\u00e2n C\u1ea3ng S\u00e0i G\u00f2n l\u00e0 nh\u00e0 khai th\u00e1c C\u1ea3ng h\u00e0ng \u0111\u1ea7u t\u1ea1i Vi\u1ec7t Nam v\u00e0 x\u1ebfp th\u1ee9 20 tr\u00ean th\u1ebf gi\u1edbi. C\u00f4ng ty TCOTS \u0111ang \u0111\u00f3ng vai tr\u00f2 quan tr\u1ecdng trong s\u1ef1 ph\u00e1t tri\u1ec3n kinh doanh d\u1ecbch v\u1ee5 th\u1ee9 3 - D\u1ecbch v\u1ee5 V\u1eadn t\u1ea3i v\u00e0 Kinh t\u1ebf bi\u1ec3n c\u1ee7a t\u1ed5ng c\u00f4ng ty T\u00e2n C\u1ea3ng S\u00e0i G\u00f2n.\" \/>\n<meta name=\"twitter:image\" content=\"https:\/\/tancangtravel.com.vn\/wp-content\/uploads\/2021\/11\/ab2.jpg\" \/>\n<script type=\"application\/ld+json\" class=\"yoast-schema-graph\">{\"@context\":\"https:\/\/schema.org\",\"@graph\":[{\"@type\":\"Organization\",\"@id\":\"https:\/\/tancangtravel.com.vn\/en\/#organization\",\"name\":\"C\u00d4NG TY C\u1ed4 PH\u1ea6N D\u1ecaCH V\u1ee4 BAY V\u00c0 DU L\u1ecaCH BI\u1ec2N T\u00c2N C\u1ea2NG\",\"url\":\"https:\/\/tancangtravel.com.vn\/en\/\",\"sameAs\":[],\"logo\":{\"@type\":\"ImageObject\",\"@id\":\"https:\/\/tancangtravel.com.vn\/en\/#logo\",\"inLanguage\":\"en-US\",\"url\":\"http:\/\/tancangtravel.com.vn\/wp-content\/uploads\/2021\/11\/logo.svg\",\"contentUrl\":\"http:\/\/tancangtravel.com.vn\/wp-content\/uploads\/2021\/11\/logo.svg\",\"width\":184,\"height\":56,\"caption\":\"C\u00d4NG TY C\u1ed4 PH\u1ea6N D\u1ecaCH V\u1ee4 BAY V\u00c0 DU L\u1ecaCH BI\u1ec2N T\u00c2N C\u1ea2NG\"},\"image\":{\"@id\":\"https:\/\/tancangtravel.com.vn\/en\/#logo\"}},{\"@type\":\"WebSite\",\"@id\":\"https:\/\/tancangtravel.com.vn\/en\/#website\",\"url\":\"https:\/\/tancangtravel.com.vn\/en\/\",\"name\":\"C\u00d4NG TY C\u1ed4 PH\u1ea6N D\u1ecaCH V\u1ee4 BAY V\u00c0 DU L\u1ecaCH BI\u1ec2N T\u00c2N C\u1ea2NG\",\"description\":\"\u0110\u01b0\u1ee3c th\u00e0nh l\u1eadp t\u1eeb th\u00e1ng 3 n\u0103m 2015, c\u00f4ng ty C\u1ed5 ph\u1ea7n D\u1ecbch V\u1ee5 Bay v\u00e0 Du L\u1ecbch Bi\u1ec3n T\u00e2n C\u1ea3ng (TCOTS) l\u00e0 th\u00e0nh vi\u00ean c\u1ee7a C\u00f4ng ty c\u1ed5 ph\u1ea7n D\u1ecbch v\u1ee5 Bi\u1ec3n T\u00e2n C\u1ea3ng (TCO), tr\u1ef1c thu\u1ed9c T\u1ed5ng c\u00f4ng ty T\u00e2n C\u1ea3ng S\u00e0i G\u00f2n - l\u00e0 T\u1ed5ng c\u00f4ng ty T\u00e2n C\u1ea3ng S\u00e0i G\u00f2n l\u00e0 nh\u00e0 khai th\u00e1c C\u1ea3ng h\u00e0ng \u0111\u1ea7u t\u1ea1i Vi\u1ec7t Nam v\u00e0 x\u1ebfp th\u1ee9 20 tr\u00ean th\u1ebf gi\u1edbi. C\u00f4ng ty TCOTS \u0111ang \u0111\u00f3ng vai tr\u00f2 quan tr\u1ecdng trong s\u1ef1 ph\u00e1t tri\u1ec3n kinh doanh d\u1ecbch v\u1ee5 th\u1ee9 3 - D\u1ecbch v\u1ee5 V\u1eadn t\u1ea3i v\u00e0 Kinh t\u1ebf bi\u1ec3n c\u1ee7a t\u1ed5ng c\u00f4ng ty T\u00e2n C\u1ea3ng S\u00e0i G\u00f2n.\",\"publisher\":{\"@id\":\"https:\/\/tancangtravel.com.vn\/en\/#organization\"},\"potentialAction\":[{\"@type\":\"SearchAction\",\"target\":{\"@type\":\"EntryPoint\",\"urlTemplate\":\"https:\/\/tancangtravel.com.vn\/en\/?s={search_term_string}\"},\"query-input\":\"required name=search_term_string\"}],\"inLanguage\":\"en-US\"},{\"@type\":\"ImageObject\",\"@id\":\"https:\/\/tancangtravel.com.vn\/en\/#primaryimage\",\"inLanguage\":\"en-US\",\"url\":\"https:\/\/tancangtravel.com.vn\/wp-content\/uploads\/2021\/12\/TCOTS-hinh-nen-dai-dien-FILE-GOC-1-scaled.jpg\",\"contentUrl\":\"https:\/\/tancangtravel.com.vn\/wp-content\/uploads\/2021\/12\/TCOTS-hinh-nen-dai-dien-FILE-GOC-1-scaled.jpg\",\"width\":2560,\"height\":1124},{\"@type\":\"WebPage\",\"@id\":\"https:\/\/tancangtravel.com.vn\/en\/#webpage\",\"url\":\"https:\/\/tancangtravel.com.vn\/en\/\",\"name\":\"Home - C\u00d4NG TY C\u1ed4 PH\u1ea6N D\u1ecaCH V\u1ee4 BAY V\u00c0 DU L\u1ecaCH BI\u1ec2N T\u00c2N C\u1ea2NG\",\"isPartOf\":{\"@id\":\"https:\/\/tancangtravel.com.vn\/en\/#website\"},\"primaryImageOfPage\":{\"@id\":\"https:\/\/tancangtravel.com.vn\/en\/#primaryimage\"},\"datePublished\":\"2021-11-25T15:25:47+00:00\",\"dateModified\":\"2024-01-23T03:46:54+00:00\",\"breadcrumb\":{\"@id\":\"https:\/\/tancangtravel.com.vn\/en\/#breadcrumb\"},\"inLanguage\":\"en-US\",\"potentialAction\":[{\"@type\":\"ReadAction\",\"target\":[\"https:\/\/tancangtravel.com.vn\/en\/\"]}]},{\"@type\":\"BreadcrumbList\",\"@id\":\"https:\/\/tancangtravel.com.vn\/en\/#breadcrumb\",\"itemListElement\":[{\"@type\":\"ListItem\",\"position\":1,\"name\":\"Trang ch\u1ee7\",\"item\":\"https:\/\/tancangtravel.com.vn\/en\/\"},{\"@type\":\"ListItem\",\"position\":2,\"name\":\"Home\"}]}]}<\/script>\n<!-- \/ Yoast SEO plugin. -->","yoast_head_json":{"title":"Home - C\u00d4NG TY C\u1ed4 PH\u1ea6N D\u1ecaCH V\u1ee4 BAY V\u00c0 DU L\u1ecaCH BI\u1ec2N T\u00c2N C\u1ea2NG","robots":{"index":"index","follow":"follow","max-snippet":"max-snippet:-1","max-image-preview":"max-image-preview:large","max-video-preview":"max-video-preview:-1"},"canonical":"https:\/\/tancangtravel.com.vn\/en\/","og_locale":"en_US","og_type":"article","og_title":"TAN CANG FLIGHTS AND TOURISM JOINT STOCK COMPANY","og_description":"Established in March 2015, Tan Cang Tourism and Flight Service Joint Stock Company (TCOTS) is a member of Tan Cang Sea Service Joint Stock Company (TCO), a subsidiary of Tan Cang Sai Corporation. Saigon - Saigon Newport Corporation is the leading port operator in Vietnam and ranked 20th in the world. TCOTS Company is playing an important role in the development of the 3rd service business - Transport Services and Marine Economy of Saigon Newport Corporation.","og_url":"https:\/\/tancangtravel.com.vn\/en\/","og_site_name":"C\u00d4NG TY C\u1ed4 PH\u1ea6N D\u1ecaCH V\u1ee4 BAY V\u00c0 DU L\u1ecaCH BI\u1ec2N T\u00c2N C\u1ea2NG","article_modified_time":"2024-01-23T03:46:54+00:00","og_image":[{"width":2560,"height":1124,"url":"http:\/\/tancangtravel.com.vn\/wp-content\/uploads\/2021\/12\/TCOTS-hinh-nen-dai-dien-FILE-GOC-1-scaled.jpg","type":"image\/jpeg"}],"twitter_card":"summary_large_image","twitter_title":"C\u00d4NG TY C\u1ed4 PH\u1ea6N D\u1ecaCH V\u1ee4 BAY V\u00c0 DU L\u1ecaCH BI\u1ec2N T\u00c2N C\u1ea2NG","twitter_description":"\u0110\u01b0\u1ee3c th\u00e0nh l\u1eadp t\u1eeb th\u00e1ng 3 n\u0103m 2015, c\u00f4ng ty C\u1ed5 ph\u1ea7n D\u1ecbch V\u1ee5 Bay v\u00e0 Du L\u1ecbch Bi\u1ec3n T\u00e2n C\u1ea3ng (TCOTS) l\u00e0 th\u00e0nh vi\u00ean c\u1ee7a C\u00f4ng ty c\u1ed5 ph\u1ea7n D\u1ecbch v\u1ee5 Bi\u1ec3n T\u00e2n C\u1ea3ng (TCO), tr\u1ef1c thu\u1ed9c T\u1ed5ng c\u00f4ng ty T\u00e2n C\u1ea3ng S\u00e0i G\u00f2n - l\u00e0 T\u1ed5ng c\u00f4ng ty T\u00e2n C\u1ea3ng S\u00e0i G\u00f2n l\u00e0 nh\u00e0 khai th\u00e1c C\u1ea3ng h\u00e0ng \u0111\u1ea7u t\u1ea1i Vi\u1ec7t Nam v\u00e0 x\u1ebfp th\u1ee9 20 tr\u00ean th\u1ebf gi\u1edbi. C\u00f4ng ty TCOTS \u0111ang \u0111\u00f3ng vai tr\u00f2 quan tr\u1ecdng trong s\u1ef1 ph\u00e1t tri\u1ec3n kinh doanh d\u1ecbch v\u1ee5 th\u1ee9 3 - D\u1ecbch v\u1ee5 V\u1eadn t\u1ea3i v\u00e0 Kinh t\u1ebf bi\u1ec3n c\u1ee7a t\u1ed5ng c\u00f4ng ty T\u00e2n C\u1ea3ng S\u00e0i G\u00f2n.","twitter_image":"https:\/\/tancangtravel.com.vn\/wp-content\/uploads\/2021\/11\/ab2.jpg","schema":{"@context":"https:\/\/schema.org","@graph":[{"@type":"Organization","@id":"https:\/\/tancangtravel.com.vn\/en\/#organization","name":"C\u00d4NG TY C\u1ed4 PH\u1ea6N D\u1ecaCH V\u1ee4 BAY V\u00c0 DU L\u1ecaCH BI\u1ec2N T\u00c2N C\u1ea2NG","url":"https:\/\/tancangtravel.com.vn\/en\/","sameAs":[],"logo":{"@type":"ImageObject","@id":"https:\/\/tancangtravel.com.vn\/en\/#logo","inLanguage":"en-US","url":"http:\/\/tancangtravel.com.vn\/wp-content\/uploads\/2021\/11\/logo.svg","contentUrl":"http:\/\/tancangtravel.com.vn\/wp-content\/uploads\/2021\/11\/logo.svg","width":184,"height":56,"caption":"C\u00d4NG TY C\u1ed4 PH\u1ea6N D\u1ecaCH V\u1ee4 BAY V\u00c0 DU L\u1ecaCH BI\u1ec2N T\u00c2N C\u1ea2NG"},"image":{"@id":"https:\/\/tancangtravel.com.vn\/en\/#logo"}},{"@type":"WebSite","@id":"https:\/\/tancangtravel.com.vn\/en\/#website","url":"https:\/\/tancangtravel.com.vn\/en\/","name":"C\u00d4NG TY C\u1ed4 PH\u1ea6N D\u1ecaCH V\u1ee4 BAY V\u00c0 DU L\u1ecaCH BI\u1ec2N T\u00c2N C\u1ea2NG","description":"\u0110\u01b0\u1ee3c th\u00e0nh l\u1eadp t\u1eeb th\u00e1ng 3 n\u0103m 2015, c\u00f4ng ty C\u1ed5 ph\u1ea7n D\u1ecbch V\u1ee5 Bay v\u00e0 Du L\u1ecbch Bi\u1ec3n T\u00e2n C\u1ea3ng (TCOTS) l\u00e0 th\u00e0nh vi\u00ean c\u1ee7a C\u00f4ng ty c\u1ed5 ph\u1ea7n D\u1ecbch v\u1ee5 Bi\u1ec3n T\u00e2n C\u1ea3ng (TCO), tr\u1ef1c thu\u1ed9c T\u1ed5ng c\u00f4ng ty T\u00e2n C\u1ea3ng S\u00e0i G\u00f2n - l\u00e0 T\u1ed5ng c\u00f4ng ty T\u00e2n C\u1ea3ng S\u00e0i G\u00f2n l\u00e0 nh\u00e0 khai th\u00e1c C\u1ea3ng h\u00e0ng \u0111\u1ea7u t\u1ea1i Vi\u1ec7t Nam v\u00e0 x\u1ebfp th\u1ee9 20 tr\u00ean th\u1ebf gi\u1edbi. C\u00f4ng ty TCOTS \u0111ang \u0111\u00f3ng vai tr\u00f2 quan tr\u1ecdng trong s\u1ef1 ph\u00e1t tri\u1ec3n kinh doanh d\u1ecbch v\u1ee5 th\u1ee9 3 - D\u1ecbch v\u1ee5 V\u1eadn t\u1ea3i v\u00e0 Kinh t\u1ebf bi\u1ec3n c\u1ee7a t\u1ed5ng c\u00f4ng ty T\u00e2n C\u1ea3ng S\u00e0i G\u00f2n.","publisher":{"@id":"https:\/\/tancangtravel.com.vn\/en\/#organization"},"potentialAction":[{"@type":"SearchAction","target":{"@type":"EntryPoint","urlTemplate":"https:\/\/tancangtravel.com.vn\/en\/?s={search_term_string}"},"query-input":"required name=search_term_string"}],"inLanguage":"en-US"},{"@type":"ImageObject","@id":"https:\/\/tancangtravel.com.vn\/en\/#primaryimage","inLanguage":"en-US","url":"https:\/\/tancangtravel.com.vn\/wp-content\/uploads\/2021\/12\/TCOTS-hinh-nen-dai-dien-FILE-GOC-1-scaled.jpg","contentUrl":"https:\/\/tancangtravel.com.vn\/wp-content\/uploads\/2021\/12\/TCOTS-hinh-nen-dai-dien-FILE-GOC-1-scaled.jpg","width":2560,"height":1124},{"@type":"WebPage","@id":"https:\/\/tancangtravel.com.vn\/en\/#webpage","url":"https:\/\/tancangtravel.com.vn\/en\/","name":"Home - C\u00d4NG TY C\u1ed4 PH\u1ea6N D\u1ecaCH V\u1ee4 BAY V\u00c0 DU L\u1ecaCH BI\u1ec2N T\u00c2N C\u1ea2NG","isPartOf":{"@id":"https:\/\/tancangtravel.com.vn\/en\/#website"},"primaryImageOfPage":{"@id":"https:\/\/tancangtravel.com.vn\/en\/#primaryimage"},"datePublished":"2021-11-25T15:25:47+00:00","dateModified":"2024-01-23T03:46:54+00:00","breadcrumb":{"@id":"https:\/\/tancangtravel.com.vn\/en\/#breadcrumb"},"inLanguage":"en-US","potentialAction":[{"@type":"ReadAction","target":["https:\/\/tancangtravel.com.vn\/en\/"]}]},{"@type":"BreadcrumbList","@id":"https:\/\/tancangtravel.com.vn\/en\/#breadcrumb","itemListElement":[{"@type":"ListItem","position":1,"name":"Trang ch\u1ee7","item":"https:\/\/tancangtravel.com.vn\/en\/"},{"@type":"ListItem","position":2,"name":"Home"}]}]}},"_links":{"self":[{"href":"https:\/\/tancangtravel.com.vn\/en\/wp-json\/wp\/v2\/pages\/2571","targetHints":{"allow":["GET"]}}],"collection":[{"href":"https:\/\/tancangtravel.com.vn\/en\/wp-json\/wp\/v2\/pages"}],"about":[{"href":"https:\/\/tancangtravel.com.vn\/en\/wp-json\/wp\/v2\/types\/page"}],"author":[{"embeddable":true,"href":"https:\/\/tancangtravel.com.vn\/en\/wp-json\/wp\/v2\/users\/1"}],"replies":[{"embeddable":true,"href":"https:\/\/tancangtravel.com.vn\/en\/wp-json\/wp\/v2\/comments?post=2571"}],"version-history":[{"count":12,"href":"https:\/\/tancangtravel.com.vn\/en\/wp-json\/wp\/v2\/pages\/2571\/revisions"}],"predecessor-version":[{"id":3594,"href":"https:\/\/tancangtravel.com.vn\/en\/wp-json\/wp\/v2\/pages\/2571\/revisions\/3594"}],"wp:featuredmedia":[{"embeddable":true,"href":"https:\/\/tancangtravel.com.vn\/en\/wp-json\/wp\/v2\/media\/2492"}],"wp:attachment":[{"href":"https:\/\/tancangtravel.com.vn\/en\/wp-json\/wp\/v2\/media?parent=2571"}],"curies":[{"name":"wp","href":"https:\/\/api.w.org\/{rel}","templated":true}]}}