{"id":2562,"date":"2021-11-26T09:08:03","date_gmt":"2021-11-26T02:08:03","guid":{"rendered":"http:\/\/tancangtravel.com.vn\/dich-vu-khach-san\/"},"modified":"2022-02-11T12:09:14","modified_gmt":"2022-02-11T05:09:14","slug":"dich-vu-khach-san","status":"publish","type":"page","link":"https:\/\/tancangtravel.com.vn\/en\/dich-vu-khach-san\/","title":{"rendered":"HOTEL SERVICE"},"content":{"rendered":"","protected":false},"excerpt":{"rendered":"","protected":false},"author":1,"featured_media":0,"parent":0,"menu_order":0,"comment_status":"closed","ping_status":"closed","template":"page-template\/gioithieu-khachsan-template.php","meta":{"inline_featured_image":false,"footnotes":""},"class_list":["post-2562","page","type-page","status-publish","hentry"],"yoast_head":"<!-- This site is optimized with the Yoast SEO plugin v18.3 - https:\/\/yoast.com\/wordpress\/plugins\/seo\/ -->\n<title>HOTEL SERVICE - C\u00d4NG TY C\u1ed4 PH\u1ea6N D\u1ecaCH V\u1ee4 BAY V\u00c0 DU L\u1ecaCH BI\u1ec2N T\u00c2N C\u1ea2NG<\/title>\n<meta name=\"robots\" content=\"index, follow, max-snippet:-1, max-image-preview:large, max-video-preview:-1\" \/>\n<link rel=\"canonical\" href=\"https:\/\/tancangtravel.com.vn\/en\/dich-vu-khach-san\/\" \/>\n<meta property=\"og:locale\" content=\"en_US\" \/>\n<meta property=\"og:type\" content=\"article\" \/>\n<meta property=\"og:title\" content=\"HOTEL SERVICE - C\u00d4NG TY C\u1ed4 PH\u1ea6N D\u1ecaCH V\u1ee4 BAY V\u00c0 DU L\u1ecaCH BI\u1ec2N T\u00c2N C\u1ea2NG\" \/>\n<meta property=\"og:url\" content=\"https:\/\/tancangtravel.com.vn\/en\/dich-vu-khach-san\/\" \/>\n<meta property=\"og:site_name\" content=\"C\u00d4NG TY C\u1ed4 PH\u1ea6N D\u1ecaCH V\u1ee4 BAY V\u00c0 DU L\u1ecaCH BI\u1ec2N T\u00c2N C\u1ea2NG\" \/>\n<meta property=\"article:modified_time\" content=\"2022-02-11T05:09:14+00:00\" \/>\n<meta property=\"og:image\" content=\"https:\/\/tancangtravel.com.vn\/wp-content\/uploads\/2021\/12\/ab1.png\" \/>\n\t<meta property=\"og:image:width\" content=\"1920\" \/>\n\t<meta property=\"og:image:height\" content=\"870\" \/>\n\t<meta property=\"og:image:type\" content=\"image\/png\" \/>\n<meta name=\"twitter:card\" content=\"summary_large_image\" \/>\n<script type=\"application\/ld+json\" class=\"yoast-schema-graph\">{\"@context\":\"https:\/\/schema.org\",\"@graph\":[{\"@type\":\"Organization\",\"@id\":\"https:\/\/tancangtravel.com.vn\/en\/#organization\",\"name\":\"C\u00d4NG TY C\u1ed4 PH\u1ea6N D\u1ecaCH V\u1ee4 BAY V\u00c0 DU L\u1ecaCH BI\u1ec2N T\u00c2N C\u1ea2NG\",\"url\":\"https:\/\/tancangtravel.com.vn\/en\/\",\"sameAs\":[],\"logo\":{\"@type\":\"ImageObject\",\"@id\":\"https:\/\/tancangtravel.com.vn\/en\/#logo\",\"inLanguage\":\"en-US\",\"url\":\"http:\/\/tancangtravel.com.vn\/wp-content\/uploads\/2021\/11\/logo.svg\",\"contentUrl\":\"http:\/\/tancangtravel.com.vn\/wp-content\/uploads\/2021\/11\/logo.svg\",\"width\":184,\"height\":56,\"caption\":\"C\u00d4NG TY C\u1ed4 PH\u1ea6N D\u1ecaCH V\u1ee4 BAY V\u00c0 DU L\u1ecaCH BI\u1ec2N T\u00c2N C\u1ea2NG\"},\"image\":{\"@id\":\"https:\/\/tancangtravel.com.vn\/en\/#logo\"}},{\"@type\":\"WebSite\",\"@id\":\"https:\/\/tancangtravel.com.vn\/en\/#website\",\"url\":\"https:\/\/tancangtravel.com.vn\/en\/\",\"name\":\"C\u00d4NG TY C\u1ed4 PH\u1ea6N D\u1ecaCH V\u1ee4 BAY V\u00c0 DU L\u1ecaCH BI\u1ec2N T\u00c2N C\u1ea2NG\",\"description\":\"\u0110\u01b0\u1ee3c th\u00e0nh l\u1eadp t\u1eeb th\u00e1ng 3 n\u0103m 2015, c\u00f4ng ty C\u1ed5 ph\u1ea7n D\u1ecbch V\u1ee5 Bay v\u00e0 Du L\u1ecbch Bi\u1ec3n T\u00e2n C\u1ea3ng (TCOTS) l\u00e0 th\u00e0nh vi\u00ean c\u1ee7a C\u00f4ng ty c\u1ed5 ph\u1ea7n D\u1ecbch v\u1ee5 Bi\u1ec3n T\u00e2n C\u1ea3ng (TCO), tr\u1ef1c thu\u1ed9c T\u1ed5ng c\u00f4ng ty T\u00e2n C\u1ea3ng S\u00e0i G\u00f2n - l\u00e0 T\u1ed5ng c\u00f4ng ty T\u00e2n C\u1ea3ng S\u00e0i G\u00f2n l\u00e0 nh\u00e0 khai th\u00e1c C\u1ea3ng h\u00e0ng \u0111\u1ea7u t\u1ea1i Vi\u1ec7t Nam v\u00e0 x\u1ebfp th\u1ee9 20 tr\u00ean th\u1ebf gi\u1edbi. C\u00f4ng ty TCOTS \u0111ang \u0111\u00f3ng vai tr\u00f2 quan tr\u1ecdng trong s\u1ef1 ph\u00e1t tri\u1ec3n kinh doanh d\u1ecbch v\u1ee5 th\u1ee9 3 - D\u1ecbch v\u1ee5 V\u1eadn t\u1ea3i v\u00e0 Kinh t\u1ebf bi\u1ec3n c\u1ee7a t\u1ed5ng c\u00f4ng ty T\u00e2n C\u1ea3ng S\u00e0i G\u00f2n.\",\"publisher\":{\"@id\":\"https:\/\/tancangtravel.com.vn\/en\/#organization\"},\"potentialAction\":[{\"@type\":\"SearchAction\",\"target\":{\"@type\":\"EntryPoint\",\"urlTemplate\":\"https:\/\/tancangtravel.com.vn\/en\/?s={search_term_string}\"},\"query-input\":\"required name=search_term_string\"}],\"inLanguage\":\"en-US\"},{\"@type\":\"WebPage\",\"@id\":\"https:\/\/tancangtravel.com.vn\/en\/dich-vu-khach-san\/#webpage\",\"url\":\"https:\/\/tancangtravel.com.vn\/en\/dich-vu-khach-san\/\",\"name\":\"HOTEL SERVICE - C\u00d4NG TY C\u1ed4 PH\u1ea6N D\u1ecaCH V\u1ee4 BAY V\u00c0 DU L\u1ecaCH BI\u1ec2N T\u00c2N C\u1ea2NG\",\"isPartOf\":{\"@id\":\"https:\/\/tancangtravel.com.vn\/en\/#website\"},\"datePublished\":\"2021-11-26T02:08:03+00:00\",\"dateModified\":\"2022-02-11T05:09:14+00:00\",\"breadcrumb\":{\"@id\":\"https:\/\/tancangtravel.com.vn\/en\/dich-vu-khach-san\/#breadcrumb\"},\"inLanguage\":\"en-US\",\"potentialAction\":[{\"@type\":\"ReadAction\",\"target\":[\"https:\/\/tancangtravel.com.vn\/en\/dich-vu-khach-san\/\"]}]},{\"@type\":\"BreadcrumbList\",\"@id\":\"https:\/\/tancangtravel.com.vn\/en\/dich-vu-khach-san\/#breadcrumb\",\"itemListElement\":[{\"@type\":\"ListItem\",\"position\":1,\"name\":\"Trang ch\u1ee7\",\"item\":\"https:\/\/tancangtravel.com.vn\/en\/\"},{\"@type\":\"ListItem\",\"position\":2,\"name\":\"HOTEL SERVICE\"}]}]}<\/script>\n<!-- \/ Yoast SEO plugin. -->","yoast_head_json":{"title":"HOTEL SERVICE - C\u00d4NG TY C\u1ed4 PH\u1ea6N D\u1ecaCH V\u1ee4 BAY V\u00c0 DU L\u1ecaCH BI\u1ec2N T\u00c2N C\u1ea2NG","robots":{"index":"index","follow":"follow","max-snippet":"max-snippet:-1","max-image-preview":"max-image-preview:large","max-video-preview":"max-video-preview:-1"},"canonical":"https:\/\/tancangtravel.com.vn\/en\/dich-vu-khach-san\/","og_locale":"en_US","og_type":"article","og_title":"HOTEL SERVICE - C\u00d4NG TY C\u1ed4 PH\u1ea6N D\u1ecaCH V\u1ee4 BAY V\u00c0 DU L\u1ecaCH BI\u1ec2N T\u00c2N C\u1ea2NG","og_url":"https:\/\/tancangtravel.com.vn\/en\/dich-vu-khach-san\/","og_site_name":"C\u00d4NG TY C\u1ed4 PH\u1ea6N D\u1ecaCH V\u1ee4 BAY V\u00c0 DU L\u1ecaCH BI\u1ec2N T\u00c2N C\u1ea2NG","article_modified_time":"2022-02-11T05:09:14+00:00","og_image":[{"width":1920,"height":870,"url":"https:\/\/tancangtravel.com.vn\/wp-content\/uploads\/2021\/12\/ab1.png","type":"image\/png"}],"twitter_card":"summary_large_image","schema":{"@context":"https:\/\/schema.org","@graph":[{"@type":"Organization","@id":"https:\/\/tancangtravel.com.vn\/en\/#organization","name":"C\u00d4NG TY C\u1ed4 PH\u1ea6N D\u1ecaCH V\u1ee4 BAY V\u00c0 DU L\u1ecaCH BI\u1ec2N T\u00c2N C\u1ea2NG","url":"https:\/\/tancangtravel.com.vn\/en\/","sameAs":[],"logo":{"@type":"ImageObject","@id":"https:\/\/tancangtravel.com.vn\/en\/#logo","inLanguage":"en-US","url":"http:\/\/tancangtravel.com.vn\/wp-content\/uploads\/2021\/11\/logo.svg","contentUrl":"http:\/\/tancangtravel.com.vn\/wp-content\/uploads\/2021\/11\/logo.svg","width":184,"height":56,"caption":"C\u00d4NG TY C\u1ed4 PH\u1ea6N D\u1ecaCH V\u1ee4 BAY V\u00c0 DU L\u1ecaCH BI\u1ec2N T\u00c2N C\u1ea2NG"},"image":{"@id":"https:\/\/tancangtravel.com.vn\/en\/#logo"}},{"@type":"WebSite","@id":"https:\/\/tancangtravel.com.vn\/en\/#website","url":"https:\/\/tancangtravel.com.vn\/en\/","name":"C\u00d4NG TY C\u1ed4 PH\u1ea6N D\u1ecaCH V\u1ee4 BAY V\u00c0 DU L\u1ecaCH BI\u1ec2N T\u00c2N C\u1ea2NG","description":"\u0110\u01b0\u1ee3c th\u00e0nh l\u1eadp t\u1eeb th\u00e1ng 3 n\u0103m 2015, c\u00f4ng ty C\u1ed5 ph\u1ea7n D\u1ecbch V\u1ee5 Bay v\u00e0 Du L\u1ecbch Bi\u1ec3n T\u00e2n C\u1ea3ng (TCOTS) l\u00e0 th\u00e0nh vi\u00ean c\u1ee7a C\u00f4ng ty c\u1ed5 ph\u1ea7n D\u1ecbch v\u1ee5 Bi\u1ec3n T\u00e2n C\u1ea3ng (TCO), tr\u1ef1c thu\u1ed9c T\u1ed5ng c\u00f4ng ty T\u00e2n C\u1ea3ng S\u00e0i G\u00f2n - l\u00e0 T\u1ed5ng c\u00f4ng ty T\u00e2n C\u1ea3ng S\u00e0i G\u00f2n l\u00e0 nh\u00e0 khai th\u00e1c C\u1ea3ng h\u00e0ng \u0111\u1ea7u t\u1ea1i Vi\u1ec7t Nam v\u00e0 x\u1ebfp th\u1ee9 20 tr\u00ean th\u1ebf gi\u1edbi. C\u00f4ng ty TCOTS \u0111ang \u0111\u00f3ng vai tr\u00f2 quan tr\u1ecdng trong s\u1ef1 ph\u00e1t tri\u1ec3n kinh doanh d\u1ecbch v\u1ee5 th\u1ee9 3 - D\u1ecbch v\u1ee5 V\u1eadn t\u1ea3i v\u00e0 Kinh t\u1ebf bi\u1ec3n c\u1ee7a t\u1ed5ng c\u00f4ng ty T\u00e2n C\u1ea3ng S\u00e0i G\u00f2n.","publisher":{"@id":"https:\/\/tancangtravel.com.vn\/en\/#organization"},"potentialAction":[{"@type":"SearchAction","target":{"@type":"EntryPoint","urlTemplate":"https:\/\/tancangtravel.com.vn\/en\/?s={search_term_string}"},"query-input":"required name=search_term_string"}],"inLanguage":"en-US"},{"@type":"WebPage","@id":"https:\/\/tancangtravel.com.vn\/en\/dich-vu-khach-san\/#webpage","url":"https:\/\/tancangtravel.com.vn\/en\/dich-vu-khach-san\/","name":"HOTEL SERVICE - C\u00d4NG TY C\u1ed4 PH\u1ea6N D\u1ecaCH V\u1ee4 BAY V\u00c0 DU L\u1ecaCH BI\u1ec2N T\u00c2N C\u1ea2NG","isPartOf":{"@id":"https:\/\/tancangtravel.com.vn\/en\/#website"},"datePublished":"2021-11-26T02:08:03+00:00","dateModified":"2022-02-11T05:09:14+00:00","breadcrumb":{"@id":"https:\/\/tancangtravel.com.vn\/en\/dich-vu-khach-san\/#breadcrumb"},"inLanguage":"en-US","potentialAction":[{"@type":"ReadAction","target":["https:\/\/tancangtravel.com.vn\/en\/dich-vu-khach-san\/"]}]},{"@type":"BreadcrumbList","@id":"https:\/\/tancangtravel.com.vn\/en\/dich-vu-khach-san\/#breadcrumb","itemListElement":[{"@type":"ListItem","position":1,"name":"Trang ch\u1ee7","item":"https:\/\/tancangtravel.com.vn\/en\/"},{"@type":"ListItem","position":2,"name":"HOTEL SERVICE"}]}]}},"_links":{"self":[{"href":"https:\/\/tancangtravel.com.vn\/en\/wp-json\/wp\/v2\/pages\/2562","targetHints":{"allow":["GET"]}}],"collection":[{"href":"https:\/\/tancangtravel.com.vn\/en\/wp-json\/wp\/v2\/pages"}],"about":[{"href":"https:\/\/tancangtravel.com.vn\/en\/wp-json\/wp\/v2\/types\/page"}],"author":[{"embeddable":true,"href":"https:\/\/tancangtravel.com.vn\/en\/wp-json\/wp\/v2\/users\/1"}],"replies":[{"embeddable":true,"href":"https:\/\/tancangtravel.com.vn\/en\/wp-json\/wp\/v2\/comments?post=2562"}],"version-history":[{"count":3,"href":"https:\/\/tancangtravel.com.vn\/en\/wp-json\/wp\/v2\/pages\/2562\/revisions"}],"predecessor-version":[{"id":2871,"href":"https:\/\/tancangtravel.com.vn\/en\/wp-json\/wp\/v2\/pages\/2562\/revisions\/2871"}],"wp:attachment":[{"href":"https:\/\/tancangtravel.com.vn\/en\/wp-json\/wp\/v2\/media?parent=2562"}],"curies":[{"name":"wp","href":"https:\/\/api.w.org\/{rel}","templated":true}]}}